{"id":1478,"date":"2019-06-18T17:21:56","date_gmt":"2019-06-18T15:21:56","guid":{"rendered":"https:\/\/insurancerightway.com\/?post_type=wpcf7_contact_form&#038;p=65"},"modified":"2025-06-18T23:06:47","modified_gmt":"2025-06-18T21:06:47","slug":"aviso-legal","status":"publish","type":"page","link":"https:\/\/insurancerightway.com\/es\/legal-notice\/","title":{"rendered":"Aviso legal"},"content":{"rendered":"<p data-start=\"320\" data-end=\"580\">\n<p data-start=\"320\" data-end=\"580\">En cumplimiento con el deber de informaci\u00f3n recogido en el art\u00edculo 10 de la Ley 34\/2002, de 11 de julio, de Servicios de la Sociedad de la Informaci\u00f3n y del Comercio Electr\u00f3nico (LSSI-CE), se informa a los usuarios que el presente sitio web es titularidad de:<\/p>\n<p data-start=\"582\" data-end=\"870\"><strong data-start=\"582\" data-end=\"593\">Titular<\/strong>: Right Way Insurance &amp; Finance, S.L.<br data-start=\"630\" data-end=\"633\" \/><strong data-start=\"633\" data-end=\"653\">Domicilio social<\/strong>: C. C. Las Postas, Local 9, Sitio de Calahonda, 29649 Mijas Costa (M\u00e1laga), Espa\u00f1a<br data-start=\"736\" data-end=\"739\" \/><strong data-start=\"739\" data-end=\"749\">C.I.F.<\/strong>: B92114297<br data-start=\"760\" data-end=\"763\" \/><strong data-start=\"763\" data-end=\"797\">Correo electr\u00f3nico de contacto<\/strong>: <a class=\"cursor-pointer\" rel=\"noopener\" data-start=\"799\" data-end=\"824\">insure@rightwayinsure.com<\/a><br data-start=\"824\" data-end=\"827\" \/><strong data-start=\"827\" data-end=\"851\">Tel\u00e9fono de contacto<\/strong>: +34 952 934 963<\/p>\n<h4 data-start=\"872\" data-end=\"883\">Objeto<\/h4>\n<p data-start=\"885\" data-end=\"1087\">El presente sitio web tiene como finalidad ofrecer informaci\u00f3n sobre los servicios y productos de Right Way Insurance &amp; Finance, S.L., as\u00ed como facilitar el contacto con clientes y usuarios interesados.<\/p>\n<h4 data-start=\"1089\" data-end=\"1112\">Condiciones de uso<\/h4>\n<p data-start=\"1114\" data-end=\"1381\">El acceso y navegaci\u00f3n por este sitio web implica el conocimiento y la aceptaci\u00f3n sin reservas de los presentes t\u00e9rminos y condiciones. El usuario se compromete a utilizar el sitio web conforme a la ley, la moral, el orden p\u00fablico y las presentes condiciones legales.<\/p>\n<h4 data-start=\"1383\" data-end=\"1422\">Propiedad intelectual e industrial<\/h4>\n<p data-start=\"1424\" data-end=\"1741\">Todos los contenidos del sitio web, incluyendo textos, im\u00e1genes, logotipos, dise\u00f1os, software y c\u00f3digo fuente, son titularidad exclusiva de Right Way Insurance &amp; Finance, S.L., o bien dispone de los derechos necesarios para su uso, y est\u00e1n protegidos por la normativa vigente sobre propiedad intelectual e industrial.<\/p>\n<p data-start=\"1743\" data-end=\"1873\">Queda expresamente prohibida la reproducci\u00f3n total o parcial de este sitio web sin autorizaci\u00f3n expresa y por escrito del titular.<\/p>\n<h4 data-start=\"1875\" data-end=\"1899\">Protecci\u00f3n de datos<\/h4>\n<p data-start=\"1901\" data-end=\"2260\">Right Way Insurance &amp; Finance, S.L. cumple con lo dispuesto en el Reglamento (UE) 2016\/679 (RGPD) y la Ley Org\u00e1nica 3\/2018 (LOPDGDD). Los datos personales facilitados por los usuarios a trav\u00e9s de formularios u otros medios ser\u00e1n tratados conforme a nuestra [Pol\u00edtica de Privacidad], con la finalidad de atender consultas o gestionar los servicios solicitados.<\/p>\n<h4 data-start=\"2262\" data-end=\"2282\">Responsabilidad<\/h4>\n<p data-start=\"2284\" data-end=\"2522\">El titular del sitio web no se hace responsable de los posibles errores u omisiones en los contenidos, ni de los da\u00f1os derivados del uso de la informaci\u00f3n contenida en este sitio, ni del acceso a otros sitios a trav\u00e9s de enlaces externos.<\/p>\n<h4 data-start=\"2524\" data-end=\"2565\">Legislaci\u00f3n aplicable y jurisdicci\u00f3n<\/h4>\n<p data-start=\"2567\" data-end=\"2882\">La relaci\u00f3n entre el usuario y el titular del sitio web se regir\u00e1 por la legislaci\u00f3n espa\u00f1ola vigente. Para la resoluci\u00f3n de cualquier controversia que pudiera surgir, ambas partes se someten expresamente a la jurisdicci\u00f3n de los Juzgados y Tribunales de M\u00e1laga, salvo que la normativa aplicable disponga otra cosa.<\/p>\n<p data-start=\"2567\" data-end=\"2882\">\n","protected":false},"excerpt":{"rendered":"<p>En cumplimiento con el deber de informaci\u00f3n recogido en el art\u00edculo 10 de la Ley 34\/2002, de 11 de julio, de Servicios de la Sociedad de la Informaci\u00f3n y del Comercio Electr\u00f3nico (LSSI-CE), se informa a los usuarios que el presente sitio web es titularidad&#8230;<\/p>","protected":false},"author":1,"featured_media":0,"parent":0,"menu_order":0,"comment_status":"closed","ping_status":"closed","template":"","meta":{"footnotes":""},"class_list":["post-1478","page","type-page","status-publish","hentry"],"_links":{"self":[{"href":"https:\/\/insurancerightway.com\/es\/wp-json\/wp\/v2\/pages\/1478","targetHints":{"allow":["GET"]}}],"collection":[{"href":"https:\/\/insurancerightway.com\/es\/wp-json\/wp\/v2\/pages"}],"about":[{"href":"https:\/\/insurancerightway.com\/es\/wp-json\/wp\/v2\/types\/page"}],"author":[{"embeddable":true,"href":"https:\/\/insurancerightway.com\/es\/wp-json\/wp\/v2\/users\/1"}],"replies":[{"embeddable":true,"href":"https:\/\/insurancerightway.com\/es\/wp-json\/wp\/v2\/comments?post=1478"}],"version-history":[{"count":3,"href":"https:\/\/insurancerightway.com\/es\/wp-json\/wp\/v2\/pages\/1478\/revisions"}],"predecessor-version":[{"id":1491,"href":"https:\/\/insurancerightway.com\/es\/wp-json\/wp\/v2\/pages\/1478\/revisions\/1491"}],"wp:attachment":[{"href":"https:\/\/insurancerightway.com\/es\/wp-json\/wp\/v2\/media?parent=1478"}],"curies":[{"name":"wp","href":"https:\/\/api.w.org\/{rel}","templated":true}]}}