{"id":1479,"date":"2025-06-18T22:23:50","date_gmt":"2025-06-18T20:23:50","guid":{"rendered":"https:\/\/insurancerightway.com\/?page_id=1479"},"modified":"2025-06-18T22:23:50","modified_gmt":"2025-06-18T20:23:50","slug":"politica-de-privacidad","status":"publish","type":"page","link":"https:\/\/insurancerightway.com\/es\/privacy-policy\/","title":{"rendered":"Pol\u00edtica de privacidad"},"content":{"rendered":"<p>&nbsp;<\/p>\n<p>&nbsp;<\/p>\n<p><i>Esta declaraci\u00f3n de privacidad se actualiz\u00f3 por \u00faltima vez el 14 de junio de 2025 y se aplica a los ciudadanos y residentes legales permanentes del Espacio Econ\u00f3mico Europeo y Suiza.<\/i><\/p>\n<p>En esta declaraci\u00f3n de privacidad, explicamos lo que hacemos con los datos que obtenemos sobre usted a trav\u00e9s de\u00a0<a href=\"https:\/\/insurancerightway.com\/es\/\">https:\/\/insurancerightway.com<\/a>\u00a0.<\/p>\n<p>Le recomendamos que lea atentamente esta declaraci\u00f3n. En nuestro procesamiento cumplimos con los requisitos de la legislaci\u00f3n de privacidad. Lo que significa, entre otras cosas, que:<\/p>\n<ul>\n<li>indicamos claramente los fines para los que procesamos los datos personales. Hacemos esto por medio de esta declaraci\u00f3n de privacidad.<\/li>\n<li>nos proponemos limitar nuestra recopilaci\u00f3n de datos personales a los datos personales necesarios para fines leg\u00edtimos;<\/li>\n<li>en primer lugar, solicitamos su consentimiento expl\u00edcito para el tratamiento de sus datos personales en los casos en que sea necesario.<\/li>\n<li>tomamos las medidas de seguridad adecuadas para proteger sus datos personales y tambi\u00e9n lo exigimos a las partes que procesan datos personales en nuestro nombre;<\/li>\n<li>respetamos su derecho a acceder, rectificar o cancelar sus datos personales previa solicitud.<\/li>\n<\/ul>\n<p>Si tiene alguna pregunta o quiere saber exactamente qu\u00e9 datos guardamos de usted, p\u00f3ngase en contacto con nosotros.<\/p>\n<p>&nbsp;<\/p>\n<h4>1. Prop\u00f3sito, datos y periodo de retenci\u00f3n<\/h4>\n<p>Podemos recopilar o recibir informaci\u00f3n personal para un n\u00famero de prop\u00f3sitos relacionados con nuestras operaciones comerciales, que pueden incluir lo siguiente: (haga clic para expandir)<\/p>\n<details class=\"cmplz-dropdown dropdown-privacy-statement\" open=\"\">\n<div>\n<h5>1.1 Contacto \u2013 Por tel\u00e9fono, correo, correo electr\u00f3nico y\/o formularios en el sitio<\/h5>\n<\/div>\n<p class=\"cmplz-subtitle\">Para ello utilizamos los siguientes datos:<\/p>\n<ul>\n<li>Un nombre y apellido<\/li>\n<li>Una direcci\u00f3n de correo electr\u00f3nico<\/li>\n<\/ul>\n<p class=\"cmplz-subtitle\">La base sobre la que podemos procesar estos datos es:<\/p>\n<p><a href=\"https:\/\/cookiedatabase.org\/legal-bases\/#consent\" target=\"_blank\" rel=\"noopener noreferrer nofollow\">Tras la prestaci\u00f3n del consentimiento.\u00a0<\/a><\/p>\n<p class=\"cmplz-subtitle\">Per\u00edodo de retenci\u00f3n<\/p>\n<p>Retendremos estos datos hasta que el servicio sea cancelado.<\/p>\n<\/details>\n<h4>2. Cookies<\/h4>\n<p>Nuestra web utiliza cookies. Para m\u00e1s informaci\u00f3n acerca de las cookies, por favor consulte nuestra\u00a0<a href=\"https:\/\/minfersoluciones.com\/politica-de-cookies\/\">Pol\u00edtica de cookies<\/a>.<\/p>\n<p>&nbsp;<\/p>\n<h4>3. Pr\u00e1cticas de divulgaci\u00f3n<\/h4>\n<p>Divulgamos informaci\u00f3n personal si nos lo exige la ley o una orden judicial, en respuesta a un organismo encargado de hacer cumplir la ley, en la medida en que lo permitan otras disposiciones legales, para proporcionar informaci\u00f3n o para una investigaci\u00f3n sobre un asunto relacionado con la seguridad p\u00fablica.<\/p>\n<p>Si nuestro sitio web o nuestra organizaci\u00f3n son adquiridos, vendidos o participan en una fusi\u00f3n o adquisici\u00f3n, sus datos podr\u00e1n ser revelados a nuestros asesores y a los posibles compradores, y se transmitir\u00e1n a los nuevos propietarios.<\/p>\n<p>Tenemos un Acuerdo de procesamiento de datos con Google.<\/p>\n<p>Google no puede utilizar los datos para otros servicios de Google.<\/p>\n<p>&nbsp;<\/p>\n<h4>4. Seguridad<\/h4>\n<p>Estamos comprometidos con la seguridad de los datos personales. Tomamos las medidas de seguridad adecuadas para limitar el abuso y el acceso no autorizado a los datos personales. Esto asegura que s\u00f3lo las personas necesarias tengan acceso a sus datos, que el acceso a los datos est\u00e9 protegido y que nuestras medidas de seguridad sean revisadas regularmente.<\/p>\n<p>&nbsp;<\/p>\n<h4>5. Webs de terceros<\/h4>\n<p>Esta declaraci\u00f3n de privacidad no se aplica a las webs de terceros conectados mediante enlaces en nuestra web. No podemos garantizar que estas terceras partes manejen sus datos personales de forma fiable o segura. Le recomendamos que lea las declaraciones de privacidad de estas webs antes de utilizarlos.<\/p>\n<p>&nbsp;<\/p>\n<h4>6. Modificaciones de esta declaraci\u00f3n de privacidad<\/h4>\n<p>Nos reservamos el derecho de hacer enmiendas a esta declaraci\u00f3n de privacidad. Se recomienda que consulte esta declaraci\u00f3n de privacidad regularmente para estar al tanto de cualquier cambio. Adem\u00e1s, le informaremos activamente siempre que sea posible.<\/p>\n<p>&nbsp;<\/p>\n<h4>7. Acceso y modificaci\u00f3n de sus datos<\/h4>\n<p>Si tiene alguna pregunta o desea saber qu\u00e9 datos personales tenemos sobre usted, p\u00f3ngase en contacto con nosotros. Puede ponerse en contacto con nosotros utilizando la siguiente informaci\u00f3n. Usted tiene los siguientes derechos:<\/p>\n<ul>\n<li>Usted tiene derecho a saber por qu\u00e9 se necesitan sus datos personales, qu\u00e9 suceder\u00e1 con ellos y durante cu\u00e1nto tiempo se conservar\u00e1n.<\/li>\n<li>Derecho de acceso: Tiene derecho a acceder a los datos personales que conocemos sobre usted.<\/li>\n<li>Derecho de rectificaci\u00f3n: tiene derecho a completar, rectificar, borrar o bloquear sus datos personales cuando lo desee.<\/li>\n<li>Si usted nos da su consentimiento para procesar sus datos, tiene derecho a revocar dicho consentimiento y a que se eliminen sus datos personales.<\/li>\n<li>Derecho de cesi\u00f3n de sus datos: tiene derecho a solicitar todos sus datos personales al responsable y a transferirlos \u00edntegramente a otro responsable del tratamiento de datos.<\/li>\n<li>Derecho de oposici\u00f3n: usted puede oponerse al tratamiento de sus datos. Nosotros cumplimos con esto, a menos que existan motivos justificados para el procesamiento.<\/li>\n<\/ul>\n<p>Por favor, aseg\u00farese de indicar siempre claramente qui\u00e9n es usted, para que podamos estar seguros de que no modificamos o eliminamos ning\u00fan dato de la persona equivocada.<\/p>\n<p>&nbsp;<\/p>\n<h4>8. Enviando una reclamaci\u00f3n<\/h4>\n<p>Si no est\u00e1 satisfecho con la forma en que tratamos o procesamos sus datos personales, tiene derecho a presentar una queja a la Autoridad de protecci\u00f3n de datos.<\/p>\n<h4><\/h4>\n<h4>9. Datos de contacto<\/h4>\n<p>Right Way Insurance &amp; Finance, S.L.<br \/>\n<span class=\"elementor-icon-list-text\">C. C. Las Postas, Local 9, Sitio de Calahonda<br \/>\n<\/span>29649 Mijas Costa (M\u00e1laga)<br \/>\nEspa\u00f1a<br \/>\nCorreo electr\u00f3nico: insure@rightwayinsure.com<br \/>\nTel\u00e9fono: +34 952 934 963<br \/>\nCIF: B92114297<\/p>\n<p>&nbsp;<\/p>","protected":false},"excerpt":{"rendered":"<p>&nbsp; &nbsp; Esta declaraci\u00f3n de privacidad se actualiz\u00f3 por \u00faltima vez el 14 de junio de 2025 y se aplica a los ciudadanos y residentes legales permanentes del Espacio Econ\u00f3mico Europeo y Suiza. En esta declaraci\u00f3n de privacidad, explicamos lo que hacemos con los datos&#8230;<\/p>","protected":false},"author":1,"featured_media":0,"parent":0,"menu_order":0,"comment_status":"closed","ping_status":"closed","template":"","meta":{"footnotes":""},"class_list":["post-1479","page","type-page","status-publish","hentry"],"_links":{"self":[{"href":"https:\/\/insurancerightway.com\/es\/wp-json\/wp\/v2\/pages\/1479","targetHints":{"allow":["GET"]}}],"collection":[{"href":"https:\/\/insurancerightway.com\/es\/wp-json\/wp\/v2\/pages"}],"about":[{"href":"https:\/\/insurancerightway.com\/es\/wp-json\/wp\/v2\/types\/page"}],"author":[{"embeddable":true,"href":"https:\/\/insurancerightway.com\/es\/wp-json\/wp\/v2\/users\/1"}],"replies":[{"embeddable":true,"href":"https:\/\/insurancerightway.com\/es\/wp-json\/wp\/v2\/comments?post=1479"}],"version-history":[{"count":3,"href":"https:\/\/insurancerightway.com\/es\/wp-json\/wp\/v2\/pages\/1479\/revisions"}],"predecessor-version":[{"id":1482,"href":"https:\/\/insurancerightway.com\/es\/wp-json\/wp\/v2\/pages\/1479\/revisions\/1482"}],"wp:attachment":[{"href":"https:\/\/insurancerightway.com\/es\/wp-json\/wp\/v2\/media?parent=1479"}],"curies":[{"name":"wp","href":"https:\/\/api.w.org\/{rel}","templated":true}]}}