{"id":1486,"date":"2025-06-18T22:30:14","date_gmt":"2025-06-18T20:30:14","guid":{"rendered":"https:\/\/insurancerightway.com\/?page_id=1486"},"modified":"2025-06-18T22:30:57","modified_gmt":"2025-06-18T20:30:57","slug":"cookie-policy","status":"publish","type":"page","link":"https:\/\/insurancerightway.com\/es\/cookie-policy\/","title":{"rendered":"Pol\u00edtica de cookies"},"content":{"rendered":"<div class=\"wpb-content-wrapper\"><div class=\"vc_row wpb_row vc_row-fluid vc_row_589799417\"><div class=\"wpb_column vc_column_container vc_col-sm-12\"><div class=\"vc_column-inner vc_custom_1750278657863\"><div class=\"wpb_wrapper\">\n\t<div class=\"wpb_text_column wpb_content_element\" >\n\t\t<div class=\"wpb_wrapper\">\n\t\t\t<p data-start=\"467\" data-end=\"697\">El presente sitio web, titularidad de <strong data-start=\"505\" data-end=\"544\">Right Way Insurance &amp; Finance, S.L.<\/strong>, utiliza cookies y tecnolog\u00edas similares para mejorar la experiencia del usuario, analizar la navegaci\u00f3n y ofrecer contenidos adaptados a sus intereses.<\/p>\n<h4 data-start=\"699\" data-end=\"725\">\u00bfQu\u00e9 son las cookies?<\/h4>\n<p data-start=\"727\" data-end=\"977\">Las cookies son peque\u00f1os archivos de texto que se almacenan en tu navegador cuando visitas un sitio web. Su finalidad puede ser muy diversa: recordar tus preferencias, recopilar informaci\u00f3n estad\u00edstica, permitir ciertas funcionalidades t\u00e9cnicas, etc.<\/p>\n<h4 data-start=\"979\" data-end=\"1029\">Tipos de cookies utilizadas en este sitio web<\/h4>\n<p data-start=\"1031\" data-end=\"1093\">Este sitio web puede utilizar los siguientes tipos de cookies:<\/p>\n<ol data-start=\"1095\" data-end=\"2050\">\n<li data-start=\"1095\" data-end=\"1308\">\n<p data-start=\"1098\" data-end=\"1308\"><strong data-start=\"1098\" data-end=\"1131\">Cookies t\u00e9cnicas o necesarias<\/strong>:<br data-start=\"1132\" data-end=\"1135\" \/>Permiten al usuario la navegaci\u00f3n a trav\u00e9s de la p\u00e1gina web y la utilizaci\u00f3n de las diferentes opciones o servicios. Son imprescindibles para el funcionamiento del sitio.<\/p>\n<\/li>\n<li data-start=\"1310\" data-end=\"1576\">\n<p data-start=\"1313\" data-end=\"1576\"><strong data-start=\"1313\" data-end=\"1347\">Cookies de an\u00e1lisis o medici\u00f3n<\/strong>:<br data-start=\"1348\" data-end=\"1351\" \/>Permiten cuantificar el n\u00famero de usuarios y realizar la medici\u00f3n y an\u00e1lisis estad\u00edstico del uso que hacen los usuarios del sitio web. Se utilizan, por ejemplo, para mejorar los servicios ofrecidos. (Ej.: Google Analytics)<\/p>\n<\/li>\n<li data-start=\"1578\" data-end=\"1790\">\n<p data-start=\"1581\" data-end=\"1790\"><strong data-start=\"1581\" data-end=\"1611\">Cookies de personalizaci\u00f3n<\/strong> (si aplica):<br data-start=\"1624\" data-end=\"1627\" \/>Permiten recordar informaci\u00f3n para que el usuario acceda al servicio con determinadas caracter\u00edsticas personalizadas, como el idioma, el tipo de navegador, etc.<\/p>\n<\/li>\n<li data-start=\"1792\" data-end=\"2050\">\n<p data-start=\"1795\" data-end=\"2050\"><strong data-start=\"1795\" data-end=\"1818\">Cookies de terceros<\/strong>:<br data-start=\"1819\" data-end=\"1822\" \/>Este sitio web puede utilizar servicios de terceros que recopilan informaci\u00f3n con fines estad\u00edsticos, de uso del sitio por parte del usuario y para la prestaci\u00f3n de otros servicios relacionados con la actividad del sitio web.<\/p>\n<\/li>\n<\/ol>\n<h4 data-start=\"2052\" data-end=\"2075\">Gesti\u00f3n de cookies<\/h4>\n<p data-start=\"2077\" data-end=\"2319\">Puedes permitir, bloquear o eliminar las cookies instaladas en tu equipo mediante la configuraci\u00f3n de las opciones del navegador que est\u00e9s utilizando. A continuaci\u00f3n, te ofrecemos enlaces a las p\u00e1ginas de ayuda de los principales navegadores:<\/p>\n<ul data-start=\"2321\" data-end=\"2658\">\n<li data-start=\"2321\" data-end=\"2394\">\n<p data-start=\"2323\" data-end=\"2394\"><a class=\"cursor-pointer\" target=\"_new\" rel=\"noopener\" data-start=\"2323\" data-end=\"2392\">Google Chrome<\/a><\/p>\n<\/li>\n<li data-start=\"2395\" data-end=\"2504\">\n<p data-start=\"2397\" data-end=\"2504\"><a class=\"\" href=\"https:\/\/support.mozilla.org\/es\/kb\/habilitar-y-deshabilitar-cookies-sitios-web-rastrear\" target=\"_new\" rel=\"noopener\" data-start=\"2397\" data-end=\"2502\">Mozilla Firefox<\/a><\/p>\n<\/li>\n<li data-start=\"2505\" data-end=\"2559\">\n<p data-start=\"2507\" data-end=\"2559\"><a class=\"\" href=\"https:\/\/support.apple.com\/es-es\/HT201265\" target=\"_new\" rel=\"noopener\" data-start=\"2507\" data-end=\"2557\">Safari<\/a><\/p>\n<\/li>\n<li data-start=\"2560\" data-end=\"2658\">\n<p data-start=\"2562\" data-end=\"2658\"><a class=\"\" href=\"https:\/\/support.microsoft.com\/es-es\/help\/4027947\/microsoft-edge-delete-cookies\" target=\"_new\" rel=\"noopener\" data-start=\"2562\" data-end=\"2658\">Microsoft Edge<\/a><\/p>\n<\/li>\n<\/ul>\n<p data-start=\"2660\" data-end=\"2761\">Ten en cuenta que la desactivaci\u00f3n de cookies puede afectar al correcto funcionamiento del sitio web.<\/p>\n<h4 data-start=\"2763\" data-end=\"2782\">Consentimiento<\/h4>\n<p data-start=\"2784\" data-end=\"3098\">Al acceder por primera vez a este sitio web, ver\u00e1s una ventana o banner donde se informa del uso de cookies y se da la opci\u00f3n de aceptarlas, configurarlas o rechazarlas. El uso continuado del sitio se entender\u00e1 como aceptaci\u00f3n del uso de cookies, salvo que el usuario las haya configurado o rechazado expresamente.<\/p>\n<h4 data-start=\"3100\" data-end=\"3138\">Cambios en la pol\u00edtica de cookies<\/h4>\n<p data-start=\"3140\" data-end=\"3372\">Right Way Insurance &amp; Finance, S.L. podr\u00e1 modificar esta Pol\u00edtica de Cookies en funci\u00f3n de nuevas exigencias legislativas o reglamentarias, o con la finalidad de adaptarla a las instrucciones dictadas por las autoridades de control.<\/p>\n\n\t\t<\/div>\n\t<\/div>\n<\/div><\/div><\/div><style type=\"text\/css\"> .vc_row_589799417:not(.vc_parallax) { overflow: center!important; position: relative; }<\/style><\/div>\n<\/div>","protected":false},"excerpt":{"rendered":"<p>El presente sitio web, titularidad de Right Way Insurance &amp; Finance, S.L., utiliza cookies y tecnolog\u00edas similares para mejorar la experiencia del usuario, analizar la navegaci\u00f3n y ofrecer contenidos adaptados a sus intereses. \u00bfQu\u00e9 son las cookies? Las cookies son peque\u00f1os archivos de texto que&#8230;<\/p>","protected":false},"author":1,"featured_media":0,"parent":0,"menu_order":0,"comment_status":"closed","ping_status":"closed","template":"","meta":{"footnotes":""},"class_list":["post-1486","page","type-page","status-publish","hentry"],"_links":{"self":[{"href":"https:\/\/insurancerightway.com\/es\/wp-json\/wp\/v2\/pages\/1486","targetHints":{"allow":["GET"]}}],"collection":[{"href":"https:\/\/insurancerightway.com\/es\/wp-json\/wp\/v2\/pages"}],"about":[{"href":"https:\/\/insurancerightway.com\/es\/wp-json\/wp\/v2\/types\/page"}],"author":[{"embeddable":true,"href":"https:\/\/insurancerightway.com\/es\/wp-json\/wp\/v2\/users\/1"}],"replies":[{"embeddable":true,"href":"https:\/\/insurancerightway.com\/es\/wp-json\/wp\/v2\/comments?post=1486"}],"version-history":[{"count":3,"href":"https:\/\/insurancerightway.com\/es\/wp-json\/wp\/v2\/pages\/1486\/revisions"}],"predecessor-version":[{"id":1489,"href":"https:\/\/insurancerightway.com\/es\/wp-json\/wp\/v2\/pages\/1486\/revisions\/1489"}],"wp:attachment":[{"href":"https:\/\/insurancerightway.com\/es\/wp-json\/wp\/v2\/media?parent=1486"}],"curies":[{"name":"wp","href":"https:\/\/api.w.org\/{rel}","templated":true}]}}