{"id":505,"date":"2019-07-31T13:22:27","date_gmt":"2019-07-31T11:22:27","guid":{"rendered":"https:\/\/insurancerightway.com\/?page_id=505"},"modified":"2025-11-13T08:39:52","modified_gmt":"2025-11-13T07:39:52","slug":"about-us","status":"publish","type":"page","link":"https:\/\/insurancerightway.com\/es\/about-us\/","title":{"rendered":"EXPERTOS EN SEGUROS PARA EXPATRIADOS EN ESPA\u00d1A DESDE 1999"},"content":{"rendered":"<div class=\"wpb-content-wrapper\"><div class=\"vc_row wpb_row vc_row-fluid vc_row_396834126\"><div class=\"wpb_column vc_column_container vc_col-sm-12 vc_column_278930841\"><div class=\"vc_column-inner\"><div class=\"wpb_wrapper\"><div class=\"vc_empty_space\"   style=\"height: 32px\"><span class=\"vc_empty_space_inner\"><\/span><\/div>\n\t<div class=\"wpb_text_column wpb_content_element\" >\n\t\t<div class=\"wpb_wrapper\">\n\t\t\t<h1>Especialistas en seguros para expatriados en Espa\u00f1a desde 1999<\/h1>\n\n\t\t<\/div>\n\t<\/div>\n<style type=\"text\/css\"> .vc_column_278930841:not(.vc_parallax):not(.jarallax) { overflow: center!important; position: relative; }<\/style><\/div><\/div><\/div><style type=\"text\/css\"> .vc_row_396834126:not(.vc_parallax) { overflow: center!important; position: relative; }<\/style><\/div><div class=\"vc_row wpb_row vc_row-fluid vc_row_196708681\"><div class=\"wpb_column vc_column_container vc_col-sm-12 vc_column_1690510624\"><div class=\"vc_column-inner\"><div class=\"wpb_wrapper\">\n\t<div class=\"wpb_text_column wpb_content_element\" >\n\t\t<div class=\"wpb_wrapper\">\n\t\t\t<p>El camino correcto\u00a0<strong>Seguros\u00a0<\/strong>fue creada por\u00a0<strong>Brit\u00e1nico<\/strong>\u00a0<strong>expatriados que viven en Espa\u00f1a<\/strong>, en beneficio de otros expatriados que vivan o posean\u00a0<strong>propiedad<\/strong>\u00a0aqu\u00ed\u00a0<strong>en Espa\u00f1a<\/strong>.\u00a0\u00a0<strong>Profesionales del seguro desde hace m\u00e1s de 20 a\u00f1os<\/strong>, Estamos formados y cualificados seg\u00fan las normas del Chartered Insurance Institute del Reino Unido, con muchos a\u00f1os de experiencia en el Reino Unido antes de establecernos aqu\u00ed.\u00a0<strong>en Espa\u00f1a en 1999<\/strong>.<\/p>\n<p>&nbsp;<\/p>\n<p>Ofrecemos una gama completa de\u00a0<strong>Seguros y productos financieros\u00a0<\/strong>tanto para empresas como para familias a un precio asequible.  Nuestro objetivo es ofrecerle el mejor producto con las mayores ventajas a un precio asequible.\u00a0<strong>precio competitivo<\/strong>\u00a0en el mercado espa\u00f1ol de seguros.<\/p>\n<p>Somos\u00a0<strong>Expertos en seguros<\/strong>\u00a0<strong>para el Expatriado aqu\u00ed en Espa\u00f1a.<\/strong>\u00a0 Los productos que ofrecemos han sido especialmente seleccionados entre las principales Aseguradoras de Espa\u00f1a para cumplir con los requisitos, exigencias y necesidades de los\u00a0<strong>Expatriados<\/strong>aqu\u00ed\u00a0<strong>en Espa\u00f1a<\/strong>\u00a0en t\u00e9rminos de calidad, prestaciones, servicio y asistencia.  La mayor\u00eda de los productos\u00a0<strong>dise\u00f1ado espec\u00edficamente para usted<\/strong>, el expatriado, y proporcionar\u00a0<strong>ventajas adicionales<\/strong>\u00a0a los normalmente disponibles en\u00a0<strong>de seguros en Espa\u00f1a.<\/strong><\/p>\n\n\t\t<\/div>\n\t<\/div>\n<div class=\"vc_empty_space\"   style=\"height: 32px\"><span class=\"vc_empty_space_inner\"><\/span><\/div><style type=\"text\/css\"> .vc_column_1690510624:not(.vc_parallax):not(.jarallax) { overflow: center!important; position: relative; }<\/style><\/div><\/div><\/div><style type=\"text\/css\"> .vc_row_196708681:not(.vc_parallax) { overflow: center!important; position: relative; }<\/style><\/div><div class=\"vc_row wpb_row vc_row-fluid vc_row_579160634\"><div class=\"wpb_column vc_column_container vc_col-sm-6 vc_column_572346391\"><div class=\"vc_column-inner\"><div class=\"wpb_wrapper\">\n\t<div class=\"wpb_text_column wpb_content_element\" >\n\t\t<div class=\"wpb_wrapper\">\n\t\t\t<p class=\"text-about\">Con nuestro <strong>experiencia de trabajar y vivir tanto en el Reino Unido como en Espa\u00f1a<\/strong>\u00a0entendemos los requisitos del expatriado que reside o posee\u00a0<strong>propiedad<\/strong>\u00a0aqu\u00ed\u00a0<strong>en Espa\u00f1a<\/strong>y tambi\u00e9n somos conscientes de las diferencias que pueden existir con las p\u00f3lizas de seguros de un pa\u00eds a otro.<\/p>\n<p>&nbsp;<\/p>\n<p class=\"text-about\">A\u00a0<strong>Servicio personal<\/strong>\u00a0a cargo de expertos\u00a0<strong>Profesionales de los seguros<\/strong>\u00a0que evaluar\u00e1 todos los requisitos de seguro para usted, su familia y su empresa y\u00a0<strong>a medida<\/strong>\u00a0las p\u00f3lizas a su medida.  En\u00a0<strong>su asesor de seguros<\/strong>\u00a0actuamos sobre\u00a0<strong>su<\/strong>\u00a0no s\u00f3lo en la contrataci\u00f3n de sus p\u00f3lizas de seguro, sino tambi\u00e9n en el\u00a0<strong>procesamiento<\/strong>\u00a0y\u00a0<strong>tramitaci\u00f3n de cualquier reclamaci\u00f3n<\/strong>\u00a0que pueda tener la desgracia de sufrir.  Tambi\u00e9n estamos a su disposici\u00f3n para\u00a0<strong>consejo<\/strong>\u00a0a usted en\u00a0<strong>cobertura de la p\u00f3liza<\/strong>, Las condiciones y exclusiones de las p\u00f3lizas de seguro le ayudar\u00e1n a comprender mejor sus p\u00f3lizas y la cobertura que ofrecen.<\/p>\n\n\t\t<\/div>\n\t<\/div>\n<div class=\"vc_empty_space\"   style=\"height: 32px\"><span class=\"vc_empty_space_inner\"><\/span><\/div><style type=\"text\/css\"> .vc_column_572346391:not(.vc_parallax):not(.jarallax) { overflow: center!important; position: relative; }<\/style><\/div><\/div><\/div><div class=\"wpb_column vc_column_container vc_col-sm-6 vc_column_1532261147\"><div class=\"vc_column-inner\"><div class=\"wpb_wrapper\">\n\t<div  class=\"wpb_single_image wpb_content_element vc_align_left\">\n\t\t\n\t\t<figure class=\"wpb_wrapper vc_figure\">\n\t\t\t<div class=\"vc_single_image-wrapper   vc_box_border_grey\"><img loading=\"lazy\" decoding=\"async\" width=\"932\" height=\"530\" src=\"https:\/\/insurancerightway.com\/wp-content\/uploads\/2019\/07\/rightway-insurance-business.jpg\" class=\"vc_single_image-img attachment-full\" alt=\"Seguros para expatriados en Espa\u00f1a\" title=\"rightway-insurance-business\" srcset=\"https:\/\/insurancerightway.com\/wp-content\/uploads\/2019\/07\/rightway-insurance-business.jpg 932w, https:\/\/insurancerightway.com\/wp-content\/uploads\/2019\/07\/rightway-insurance-business-300x171.jpg 300w, https:\/\/insurancerightway.com\/wp-content\/uploads\/2019\/07\/rightway-insurance-business-768x437.jpg 768w\" sizes=\"auto, (max-width: 932px) 100vw, 932px\" \/><\/div>\n\t\t<\/figure>\n\t<\/div>\n<style type=\"text\/css\"> .vc_column_1532261147:not(.vc_parallax):not(.jarallax) { overflow: center!important; position: relative; }<\/style><\/div><\/div><\/div><style type=\"text\/css\"> .vc_row_579160634:not(.vc_parallax) { overflow: center!important; position: relative; }<\/style><\/div><div class=\"vc_row wpb_row vc_row-fluid vc_row_112935070\"><div class=\"wpb_column vc_column_container vc_col-sm-6 vc_column_461497257\"><div class=\"vc_column-inner\"><div class=\"wpb_wrapper\"><div class=\"vc_empty_space\"   style=\"height: 32px\"><span class=\"vc_empty_space_inner\"><\/span><\/div>\n\t<div  class=\"wpb_single_image wpb_content_element vc_align_left\">\n\t\t\n\t\t<figure class=\"wpb_wrapper vc_figure\">\n\t\t\t<div class=\"vc_single_image-wrapper   vc_box_border_grey\"><img loading=\"lazy\" decoding=\"async\" width=\"932\" height=\"530\" src=\"https:\/\/insurancerightway.com\/wp-content\/uploads\/2019\/07\/rightway-insurance-motor.jpg\" class=\"vc_single_image-img attachment-full\" alt=\"Seguros para expatriados en Espa\u00f1a\" title=\"rightway-insurance-motor\" srcset=\"https:\/\/insurancerightway.com\/wp-content\/uploads\/2019\/07\/rightway-insurance-motor.jpg 932w, https:\/\/insurancerightway.com\/wp-content\/uploads\/2019\/07\/rightway-insurance-motor-300x171.jpg 300w, https:\/\/insurancerightway.com\/wp-content\/uploads\/2019\/07\/rightway-insurance-motor-768x437.jpg 768w\" sizes=\"auto, (max-width: 932px) 100vw, 932px\" \/><\/div>\n\t\t<\/figure>\n\t<\/div>\n<style type=\"text\/css\"> .vc_column_461497257:not(.vc_parallax):not(.jarallax) { overflow: center!important; position: relative; }<\/style><\/div><\/div><\/div><div class=\"wpb_column vc_column_container vc_col-sm-6 vc_column_79783003\"><div class=\"vc_column-inner\"><div class=\"wpb_wrapper\"><div class=\"vc_empty_space\"   style=\"height: 32px\"><span class=\"vc_empty_space_inner\"><\/span><\/div>\n\t<div class=\"wpb_text_column wpb_content_element\" >\n\t\t<div class=\"wpb_wrapper\">\n\t\t\t<p class=\"text-about\">En estos tiempos modernos puede parecer que todo\u00a0<strong>demasiado f\u00e1cil<\/strong>\u00a0to make insurance arrangements with\u00a0<strong>direct insurers<\/strong>\u00a0or allow\u00a0banks\u00a0to make the arrangements for you, however, unless you are an Insurance Professional yourself, you can never assume that you\u00a0<strong>fully understand<\/strong>\u00a0the arrangements that are being made for you, or that you are being\u00a0<strong>covered correctly<\/strong>\u00a0and\u00a0being provided with the\u00a0<strong>cover that you need<\/strong>.\u00a0 This is why it is\u00a0<strong>always<\/strong>\u00a0<strong>best to use the services of an Insurance Professional who will act on your behalf<\/strong>.\u00a0 An Insurance Professional who can advise, explain and arrange the cover that you require and also advise you with regards to any possible claims that can be made on your policies and also those incidents that would not be covered by an Insurer.<\/p>\n<p>&nbsp;<\/p>\n<p class=\"text-about\">If this is the service you require and\u00a0<strong>expect from your Insurance Provider<\/strong>\u00a0then please give us with the opportunity to discuss your insurance requirements and have Right Way Insurance become your Insurance Adviser.<\/p>\n\n\t\t<\/div>\n\t<\/div>\n<style type=\"text\/css\"> .vc_column_79783003:not(.vc_parallax):not(.jarallax) { overflow: center!important; position: relative; }<\/style><\/div><\/div><\/div><style type=\"text\/css\"> .vc_row_112935070:not(.vc_parallax) { overflow: center!important; position: relative; }<\/style><\/div><div class=\"vc_row wpb_row vc_row-fluid vc_row_1172291550\"><div class=\"wpb_column vc_column_container vc_col-sm-12 vc_column_1242034558\"><div class=\"vc_column-inner\"><div class=\"wpb_wrapper\"><div class=\"vc_empty_space\"   style=\"height: 32px\"><span class=\"vc_empty_space_inner\"><\/span><\/div>\n\t<div class=\"wpb_text_column wpb_content_element\" >\n\t\t<div class=\"wpb_wrapper\">\n\t\t\t<h2 style=\"font-size: 30px;\">Additional insurance Services for expat in Spain<\/h2>\n<h3><span style=\"font-size: 18px;\">At\u00a0<strong><em>Seguros Right Way<\/em><\/strong> we assist our clients as much as possible not only with their <strong>insurances\u00a0<\/strong>but <strong>we can also provide some\u00a0<em>assistance<\/em>\u00a0in other areas<\/strong> <strong>closely related to insurance, such as:<\/strong><\/span><\/h3>\n<p><u>Vehicle Registration Documents in Spain<\/u><\/p>\n<p>Have you just <strong>purchased a Spanish Vehicle<\/strong>\u00a0and need to change the vehicle registration documents to be<strong>\u00a0registered in your name<\/strong>?\u00a0 We can assist you in changing the log book (Permiso de Circulaci\u00f3n) into your name.\u00a0 Or maybe you are looking to\u00a0<strong>re-registering your UK Registered Vehicle onto Spanish Plates.<\/strong><\/p>\n<p>The above services are provided via an external service from a\u00a0<em>Professional Gestoria<\/em>\u00a0and we are here to assist by advising and collecting from you the documents that are necessary for the Gestoria to complete this process on your behalf.<\/p>\n<p><strong>Do not hesitate to contact us with details of your vehicle<\/strong> in order to obtain an indication of the costs involved<\/p>\n\n\t\t<\/div>\n\t<\/div>\n<div class=\"vc_btn3-container vc_btn3-center vc_custom_1565651148307\" ><button class=\"vc_general vc_btn3 vc_btn3-size-md vc_btn3-shape-rounded vc_btn3-style-modern vc_btn3-color-warning\">Contact us<\/button><\/div><style type=\"text\/css\"> .vc_column_1242034558:not(.vc_parallax):not(.jarallax) { overflow: center!important; position: relative; }<\/style><\/div><\/div><\/div><style type=\"text\/css\"> .vc_row_1172291550:not(.vc_parallax) { overflow: center!important; position: relative; }<\/style><\/div>\n<\/div>","protected":false},"excerpt":{"rendered":"<p>Insurances specialists for Expats in Spain since 1999 Right Way\u00a0Insurance\u00a0was set up by\u00a0British\u00a0expatriates living in Spain, for the benefit of other expatriates living or owning\u00a0property\u00a0here\u00a0in Spain.\u00a0\u00a0Insurance Professionals for over 20 years, we are trained and qualified to UK Chartered Insurance Institute standards with many years&#8230;<\/p>","protected":false},"author":1,"featured_media":0,"parent":0,"menu_order":0,"comment_status":"closed","ping_status":"closed","template":"","meta":{"footnotes":""},"class_list":["post-505","page","type-page","status-publish","hentry"],"_links":{"self":[{"href":"https:\/\/insurancerightway.com\/es\/wp-json\/wp\/v2\/pages\/505","targetHints":{"allow":["GET"]}}],"collection":[{"href":"https:\/\/insurancerightway.com\/es\/wp-json\/wp\/v2\/pages"}],"about":[{"href":"https:\/\/insurancerightway.com\/es\/wp-json\/wp\/v2\/types\/page"}],"author":[{"embeddable":true,"href":"https:\/\/insurancerightway.com\/es\/wp-json\/wp\/v2\/users\/1"}],"replies":[{"embeddable":true,"href":"https:\/\/insurancerightway.com\/es\/wp-json\/wp\/v2\/comments?post=505"}],"version-history":[{"count":19,"href":"https:\/\/insurancerightway.com\/es\/wp-json\/wp\/v2\/pages\/505\/revisions"}],"predecessor-version":[{"id":1528,"href":"https:\/\/insurancerightway.com\/es\/wp-json\/wp\/v2\/pages\/505\/revisions\/1528"}],"wp:attachment":[{"href":"https:\/\/insurancerightway.com\/es\/wp-json\/wp\/v2\/media?parent=505"}],"curies":[{"name":"wp","href":"https:\/\/api.w.org\/{rel}","templated":true}]}}